{"id":48879,"date":"2024-11-30T16:51:30","date_gmt":"2024-11-30T08:51:30","guid":{"rendered":"https:\/\/myitalianai.com\/a-propos-de\/"},"modified":"2025-07-15T15:53:42","modified_gmt":"2025-07-15T07:53:42","slug":"a-propos-de","status":"publish","type":"page","link":"https:\/\/myitalianai.com\/fr\/a-propos-de\/","title":{"rendered":"A propos de"},"content":{"rendered":"\n<div class=\"gbp-section gb-element-06c17342\">\n<div class=\"gbp-section__inner gb-element-06f3b13d\">\n<img loading=\"lazy\" decoding=\"async\" width=\"600\" height=\"900\" class=\"gb-media-0c481361\" src=\"http:\/\/myitalianai.com\/wp-content\/uploads\/2025\/05\/about-featured-img.webp\" title=\"about-featured-img\" alt=\"A propos de nous\" srcset=\"https:\/\/myitalianai.com\/wp-content\/uploads\/2025\/05\/about-featured-img.webp 600w, https:\/\/myitalianai.com\/wp-content\/uploads\/2025\/05\/about-featured-img-200x300.webp 200w\" sizes=\"auto, (max-width: 600px) 100vw, 600px\" \/>\n\n\n\n<div class=\"gb-element-997a73d6\">\n<p class=\"gb-text gbp-section__tagline gb-text-16d0d5dc\">A propos de nous<\/p>\n\n\n\n<h2 class=\"gb-text gbp-section__headline\">Aider les apprenants \u00e0 acqu\u00e9rir des comp\u00e9tences en mati\u00e8re de conversation dans le monde r\u00e9el gr\u00e2ce \u00e0 l&rsquo;IA<\/h2>\n\n\n\n<p class=\"gb-text gbp-section__text\">Avec l&rsquo;aide de l&rsquo;IA, Italian Ai simule des conversations r\u00e9alistes qui s&rsquo;adaptent \u00e0 votre niveau, \u00e0 votre rythme et \u00e0 vos int\u00e9r\u00eats, vous pr\u00e9parant \u00e0 parler avec confiance dans les situations de tous les jours. Que vous vous entra\u00eeniez en vue d&rsquo;un voyage, d&rsquo;un travail ou d&rsquo;interactions quotidiennes, notre tuteur vous rencontre l\u00e0 o\u00f9 vous \u00eates et vous aide \u00e0 progresser, un dialogue \u00e0 la fois. <\/p>\n\n\n\n<div class=\"gb-element-a9640d9e\">\n<div class=\"gb-element-8cd87cf1\">\n<span class=\"gb-shape gb-shape-1af24054\"><svg xmlns=\"http:\/\/www.w3.org\/2000\/svg\" width=\"32\" height=\"32\" viewbox=\"0 0 256 256\"><path d=\"M176.49,95.51a12,12,0,0,1,0,17l-56,56a12,12,0,0,1-17,0l-24-24a12,12,0,1,1,17-17L112,143l47.51-47.52A12,12,0,0,1,176.49,95.51ZM236,128A108,108,0,1,1,128,20,108.12,108.12,0,0,1,236,128Zm-24,0a84,84,0,1,0-84,84A84.09,84.09,0,0,0,212,128Z\"><\/path><\/svg><\/span>\n\n\n\n<div class=\"gb-element-ee8c36ac\">\n<h3 class=\"gb-text gb-text-d6f539e4\">Conversations adaptatives<\/h3>\n\n\n\n<p class=\"gb-text gb-text-4a43a638\">Pratiquez des dialogues dynamiques qui \u00e9voluent en fonction de vos r\u00e9ponses.<\/p>\n<\/div>\n<\/div>\n\n\n\n<div class=\"gb-element-cbeb8c0e\">\n<span class=\"gb-shape gb-shape-e9d71d55\"><svg xmlns=\"http:\/\/www.w3.org\/2000\/svg\" width=\"32\" height=\"32\" viewbox=\"0 0 256 256\"><path d=\"M176.49,95.51a12,12,0,0,1,0,17l-56,56a12,12,0,0,1-17,0l-24-24a12,12,0,1,1,17-17L112,143l47.51-47.52A12,12,0,0,1,176.49,95.51ZM236,128A108,108,0,1,1,128,20,108.12,108.12,0,0,1,236,128Zm-24,0a84,84,0,1,0-84,84A84.09,84.09,0,0,0,212,128Z\"><\/path><\/svg><\/span>\n\n\n\n<div class=\"gb-element-6ce30ec1\">\n<h3 class=\"gb-text gb-text-a023e289\"><strong>Int\u00e9gration du contexte culturel<\/strong><\/h3>\n\n\n\n<p class=\"gb-text gb-text-1e2b7074\">Apprenez non seulement la langue, mais aussi la fa\u00e7on dont les gens la parlent.<\/p>\n<\/div>\n<\/div>\n\n\n\n<div class=\"gb-element-195e2b74\">\n<span class=\"gb-shape gb-shape-63674600\"><svg xmlns=\"http:\/\/www.w3.org\/2000\/svg\" width=\"32\" height=\"32\" viewbox=\"0 0 256 256\"><path d=\"M176.49,95.51a12,12,0,0,1,0,17l-56,56a12,12,0,0,1-17,0l-24-24a12,12,0,1,1,17-17L112,143l47.51-47.52A12,12,0,0,1,176.49,95.51ZM236,128A108,108,0,1,1,128,20,108.12,108.12,0,0,1,236,128Zm-24,0a84,84,0,1,0-84,84A84.09,84.09,0,0,0,212,128Z\"><\/path><\/svg><\/span>\n\n\n\n<div class=\"gb-element-0a033fd9\">\n<h3 class=\"gb-text gb-text-cc1794d8\"><strong>Un retour d&rsquo;information qui vous guide<\/strong><\/h3>\n\n\n\n<p class=\"gb-text gb-text-70569cd2\">Obtenez des conseils en temps r\u00e9el sur la prononciation et la fluidit\u00e9 pour vous am\u00e9liorer rapidement.<\/p>\n<\/div>\n<\/div>\n<\/div>\n\n\n\n<a class=\"gbp-button--primary gb-text-744189f7\" href=\"\/\"><span class=\"gb-text\">Commencez maintenant<\/span><span class=\"gb-shape\"><svg xmlns=\"http:\/\/www.w3.org\/2000\/svg\" viewbox=\"0 0 256 256\" height=\"32\" width=\"32\"><path d=\"M224.49,136.49l-72,72a12,12,0,0,1-17-17L187,140H40a12,12,0,0,1,0-24H187L135.51,64.48a12,12,0,0,1,17-17l72,72A12,12,0,0,1,224.49,136.49Z\"><\/path><\/svg><\/span><\/a>\n<\/div>\n<\/div>\n<\/div>\n\n<div class=\"gbp-section gb-element-f1f35e59\">\n<div class=\"gbp-section__inner gb-element-84fa265f\">\n<div class=\"gb-element-62e208aa\">\n<p class=\"gb-text gbp-section__tagline\">Statistiques<\/p>\n\n\n\n<h2 class=\"gb-text gbp-section__headline gb-text-8226f753\">Les apprenants aiment Italian Ai parce qu&rsquo;il fonctionne<\/h2>\n\n\n\n<ul class=\"gb-element-5fed47d5\">\n<li class=\"gb-element-9046a3db\">\n<div class=\"gb-text gb-text-356e9f85\">5x<\/div>\n\n\n\n<p class=\"gb-text gb-text-4cb76940\">Apprentissage plus rapide que les applications \u00e0 oiseaux verts<\/p>\n<\/li>\n\n\n\n<li class=\"gb-element-5cd3507b\">\n<div class=\"gb-text gb-text-5c808f44\">1000+<\/div>\n\n\n\n<p class=\"gb-text gb-text-1b570773\">5 \u00e9toiles<\/p>\n<\/li>\n\n\n\n<li class=\"gb-element-b0a20451\">\n<div class=\"gb-text gb-text-54445df2\">100%<\/div>\n\n\n\n<p class=\"gb-text gb-text-8381aa84\">Plus amusant que les manuels<\/p>\n<\/li>\n\n\n\n<li class=\"gb-element-c298f2ef\">\n<div class=\"gb-text gb-text-5f8c07e3\">10k+<\/div>\n\n\n\n<p class=\"gb-text gb-text-a5091794\">Happy Chatters<\/p>\n<\/li>\n<\/ul>\n<\/div>\n\n\n\n<img loading=\"lazy\" decoding=\"async\" width=\"1536\" height=\"1024\" class=\"gb-media-2a3329be\" src=\"http:\/\/myitalianai.com\/wp-content\/uploads\/2025\/05\/about_travel_chat_1.webp\" title=\"about_travel_chat_1\" alt=\"\" srcset=\"https:\/\/myitalianai.com\/wp-content\/uploads\/2025\/05\/about_travel_chat_1.webp 1536w, https:\/\/myitalianai.com\/wp-content\/uploads\/2025\/05\/about_travel_chat_1-300x200.webp 300w, https:\/\/myitalianai.com\/wp-content\/uploads\/2025\/05\/about_travel_chat_1-1024x683.webp 1024w, https:\/\/myitalianai.com\/wp-content\/uploads\/2025\/05\/about_travel_chat_1-768x512.webp 768w\" sizes=\"auto, (max-width: 1536px) 100vw, 1536px\" \/>\n<\/div>\n<\/div>\n","protected":false},"excerpt":{"rendered":"<p>A propos de nous Aider les apprenants \u00e0 acqu\u00e9rir des comp\u00e9tences en mati\u00e8re de conversation dans le monde r\u00e9el gr\u00e2ce \u00e0 l&rsquo;IA Avec l&rsquo;aide de l&rsquo;IA, Italian Ai simule des conversations r\u00e9alistes qui s&rsquo;adaptent \u00e0 votre niveau, \u00e0 votre rythme et \u00e0 vos int\u00e9r\u00eats, vous pr\u00e9parant \u00e0 parler avec confiance dans les situations de tous &#8230; <a title=\"A propos de\" class=\"read-more\" href=\"https:\/\/myitalianai.com\/fr\/a-propos-de\/\" aria-label=\"En savoir plus sur A propos de\">Lire plus<\/a><\/p>\n","protected":false},"author":2,"featured_media":0,"parent":0,"menu_order":0,"comment_status":"closed","ping_status":"closed","template":"","meta":{"footnotes":""},"class_list":["post-48879","page","type-page","status-publish"],"_links":{"self":[{"href":"https:\/\/myitalianai.com\/fr\/wp-json\/wp\/v2\/pages\/48879","targetHints":{"allow":["GET"]}}],"collection":[{"href":"https:\/\/myitalianai.com\/fr\/wp-json\/wp\/v2\/pages"}],"about":[{"href":"https:\/\/myitalianai.com\/fr\/wp-json\/wp\/v2\/types\/page"}],"author":[{"embeddable":true,"href":"https:\/\/myitalianai.com\/fr\/wp-json\/wp\/v2\/users\/2"}],"replies":[{"embeddable":true,"href":"https:\/\/myitalianai.com\/fr\/wp-json\/wp\/v2\/comments?post=48879"}],"version-history":[{"count":1,"href":"https:\/\/myitalianai.com\/fr\/wp-json\/wp\/v2\/pages\/48879\/revisions"}],"predecessor-version":[{"id":48880,"href":"https:\/\/myitalianai.com\/fr\/wp-json\/wp\/v2\/pages\/48879\/revisions\/48880"}],"wp:attachment":[{"href":"https:\/\/myitalianai.com\/fr\/wp-json\/wp\/v2\/media?parent=48879"}],"curies":[{"name":"wp","href":"https:\/\/api.w.org\/{rel}","templated":true}]}}